{"id":24,"date":"2026-04-10T10:40:04","date_gmt":"2026-04-10T08:40:04","guid":{"rendered":"https:\/\/www.realmealdeal.fun\/?page_id=24"},"modified":"2026-04-11T13:07:20","modified_gmt":"2026-04-11T11:07:20","slug":"elementor-24","status":"publish","type":"page","link":"https:\/\/www.realmealdeal.fun\/?page_id=24","title":{"rendered":"Macro Form"},"content":{"rendered":"\t\t<div data-elementor-type=\"wp-page\" data-elementor-id=\"24\" class=\"elementor elementor-24\">\n\t\t\t\t<div class=\"elementor-element elementor-element-3bc8a3e e-flex e-con-boxed e-con e-parent\" data-id=\"3bc8a3e\" data-element_type=\"container\" data-e-type=\"container\" data-settings=\"{&quot;background_background&quot;:&quot;classic&quot;}\">\n\t\t\t\t\t<div class=\"e-con-inner\">\n\t\t<div class=\"elementor-element elementor-element-0892b2f e-con-full e-flex e-con e-child\" data-id=\"0892b2f\" data-element_type=\"container\" data-e-type=\"container\">\n\t\t\t\t<div class=\"elementor-element elementor-element-cef98fa elementor-widget elementor-widget-text-editor\" data-id=\"cef98fa\" data-element_type=\"widget\" data-e-type=\"widget\" data-widget_type=\"text-editor.default\">\n\t\t\t\t\t\t\t\t\t<div class=\"forminator-ui forminator-custom-form forminator-custom-form-39 forminator-design--material  forminator_ajax\" data-forminator-render=\"0\" data-form=\"forminator-module-39\" data-uid=\"69dda271eb841\"><br\/><\/div><form\n\t\t\t\tid=\"forminator-module-39\"\n\t\t\t\tclass=\"forminator-ui forminator-custom-form forminator-custom-form-39 forminator-design--material  forminator_ajax\"\n\t\t\t\tmethod=\"post\"\n\t\t\t\tdata-forminator-render=\"0\"\n\t\t\t\tdata-form-id=\"39\"\n\t\t\t\t data-color-option=\"theme\" data-design=\"material\" data-grid=\"open\" style=\"display: none;\"\n\t\t\t\tdata-uid=\"69dda271eb841\"\n\t\t\t><div role=\"alert\" aria-live=\"polite\" class=\"forminator-response-message forminator-error\" aria-hidden=\"true\"><\/div><div class=\"forminator-row\"><div id=\"text-1\" class=\"forminator-field-text forminator-col forminator-col-12 \"><div class=\"forminator-field\"><label for=\"forminator-field-text-1_69dda271eb841\" id=\"forminator-field-text-1_69dda271eb841-label\" class=\"forminator-label\">U\u017eivatelsk\u00e9 jm\u00e9no<\/label><input type=\"text\" name=\"text-1\" value=\"\" placeholder=\"\" id=\"forminator-field-text-1_69dda271eb841\" class=\"forminator-input forminator-name--field\" data-required=\"\" \/><\/div><\/div><\/div><div class=\"forminator-row\"><div id=\"email-1\" class=\"forminator-field-email forminator-col forminator-col-12 \"><div class=\"forminator-field\"><label for=\"forminator-field-email-1_69dda271eb841\" id=\"forminator-field-email-1_69dda271eb841-label\" class=\"forminator-label\">E-mail <span class=\"forminator-required\">*<\/span><\/label><input type=\"email\" name=\"email-1\" value=\"\" placeholder=\"\" id=\"forminator-field-email-1_69dda271eb841\" class=\"forminator-input forminator-email--field\" data-required=\"1\" aria-required=\"true\" autocomplete=\"email\" \/><\/div><\/div><\/div><div class=\"forminator-row\"><div id=\"password-1\" class=\"forminator-field-password forminator-col forminator-col-12 \"><div class=\"forminator-field\"><label for=\"forminator-field-password-1_69dda271eb841\" id=\"forminator-field-password-1_69dda271eb841-label\" class=\"forminator-label\">Heslo <span class=\"forminator-required\">*<\/span><\/label><input name=\"password-1\" value=\"\" placeholder=\"\" id=\"forminator-field-password-1_69dda271eb841\" class=\"forminator-input forminator-name--field\" data-required=\"1\" type=\"password\" \/><\/div><\/div><\/div><div class=\"forminator-row\"><div id=\"number-1\" class=\"forminator-field-number forminator-col forminator-col-12 \"><div class=\"forminator-field\"><label for=\"forminator-field-number-1_69dda271eb841\" id=\"forminator-field-number-1_69dda271eb841-label\" class=\"forminator-label\">Weight<\/label><input name=\"number-1\" value=\"\" placeholder=\"kg\" id=\"forminator-field-number-1_69dda271eb841\" class=\"forminator-input forminator-number--field\" inputmode=\"decimal\" data-required=\"\" data-decimals=\"0\" aria-required=\"false\" data-inputmask=\"&#039;groupSeparator&#039;: &#039;&#039;, &#039;radixPoint&#039;: &#039;&#039;, &#039;digits&#039;: &#039;0&#039;\" data-hidden-behavior=\"zero\" type=\"number\" step=\"any\" min=\"40\" max=\"240\" \/><\/div><\/div><\/div><div class=\"forminator-row\"><div id=\"number-2\" class=\"forminator-field-number forminator-col forminator-col-12 \"><div class=\"forminator-field\"><label for=\"forminator-field-number-2_69dda271eb841\" id=\"forminator-field-number-2_69dda271eb841-label\" class=\"forminator-label\">Height<\/label><input name=\"number-2\" value=\"\" placeholder=\"cm\" id=\"forminator-field-number-2_69dda271eb841\" class=\"forminator-input forminator-number--field\" inputmode=\"decimal\" data-required=\"\" data-decimals=\"0\" aria-required=\"false\" data-inputmask=\"&#039;groupSeparator&#039;: &#039;&#039;, &#039;radixPoint&#039;: &#039;&#039;, &#039;digits&#039;: &#039;0&#039;\" data-hidden-behavior=\"zero\" type=\"number\" step=\"any\" min=\"100\" max=\"230\" \/><\/div><\/div><\/div><div class=\"forminator-row\"><div id=\"number-3\" class=\"forminator-field-number forminator-col forminator-col-12 \"><div class=\"forminator-field\"><label for=\"forminator-field-number-3_69dda271eb841\" id=\"forminator-field-number-3_69dda271eb841-label\" class=\"forminator-label\">Age<\/label><input name=\"number-3\" value=\"\" placeholder=\"\" id=\"forminator-field-number-3_69dda271eb841\" class=\"forminator-input forminator-number--field\" inputmode=\"decimal\" data-required=\"\" data-decimals=\"0\" aria-required=\"false\" data-inputmask=\"&#039;groupSeparator&#039;: &#039;&#039;, &#039;radixPoint&#039;: &#039;&#039;, &#039;digits&#039;: &#039;0&#039;\" data-hidden-behavior=\"zero\" type=\"number\" step=\"any\" min=\"1\" max=\"150\" \/><\/div><\/div><\/div><div class=\"forminator-row\"><div id=\"select-1\" class=\"forminator-field-select forminator-col forminator-col-12 \"><div class=\"forminator-field\"><label for=\"forminator-form-39__field--select-1_69dda271eb841\" id=\"forminator-form-39__field--select-1_69dda271eb841-label\" class=\"forminator-label\">Gender<\/label><select  id=\"forminator-form-39__field--select-1_69dda271eb841\" class=\"forminator-select--field forminator-select2 forminator-select2-multiple\" data-required=\"\" name=\"select-1\" data-default-value=\"\" data-hidden-behavior=\"zero\" data-placeholder=\"\" data-search=\"false\" data-search-placeholder=\"\" data-checkbox=\"false\" data-allow-clear=\"false\" aria-labelledby=\"forminator-form-39__field--select-1_69dda271eb841-label\"><option value=\"one\"  data-calculation=\"5\">Man<\/option><option value=\"two\"  data-calculation=\"-161\">Woman<\/option><\/select><\/div><\/div><\/div><div class=\"forminator-row\"><div id=\"select-2\" class=\"forminator-field-select forminator-col forminator-col-12 \"><div class=\"forminator-field\"><label for=\"forminator-form-39__field--select-2_69dda271eb841\" id=\"forminator-form-39__field--select-2_69dda271eb841-label\" class=\"forminator-label\">Activity level<\/label><select  id=\"forminator-form-39__field--select-2_69dda271eb841\" class=\"forminator-select--field forminator-select2 forminator-select2-multiple\" data-required=\"\" name=\"select-2\" data-default-value=\"\" data-hidden-behavior=\"zero\" data-placeholder=\"\" data-search=\"false\" data-search-placeholder=\"\" data-checkbox=\"false\" data-allow-clear=\"false\" aria-labelledby=\"forminator-form-39__field--select-2_69dda271eb841-label\"><option value=\"one\"  data-calculation=\"1.2\">Low<\/option><option value=\"two\"  data-calculation=\"1.55\">Mid<\/option><option value=\"High\"  data-calculation=\"1.725\">High<\/option><\/select><\/div><\/div><\/div><div class=\"forminator-row\"><div id=\"select-3\" class=\"forminator-field-select forminator-col forminator-col-12 \"><div class=\"forminator-field\"><label for=\"forminator-form-39__field--select-3_69dda271eb841\" id=\"forminator-form-39__field--select-3_69dda271eb841-label\" class=\"forminator-label\">Goal<\/label><select  id=\"forminator-form-39__field--select-3_69dda271eb841\" class=\"forminator-select--field forminator-select2 forminator-select2-multiple\" data-required=\"\" name=\"select-3\" data-default-value=\"\" data-hidden-behavior=\"zero\" data-placeholder=\"\" data-search=\"false\" data-search-placeholder=\"\" data-checkbox=\"false\" data-allow-clear=\"false\" aria-labelledby=\"forminator-form-39__field--select-3_69dda271eb841-label\"><option value=\"one\"  data-calculation=\"0.85\">Fat loss (Cut)<\/option><option value=\"two\"  data-calculation=\"1\">Maintain<\/option><option value=\"Muscle-Gain-(Bulk)\"  data-calculation=\"1.1\">Muscle Gain (Bulk)<\/option><\/select><\/div><\/div><\/div><div class=\"forminator-row\"><div id=\"calculation-1\" class=\"forminator-field-calculation forminator-col forminator-col-12 \"><div class=\"forminator-field\"><label for=\"calculation-1-field_69dda271eb841\" id=\"calculation-1-field_69dda271eb841-label\" class=\"forminator-label\">BMI<\/label><input type=\"text\" name=\"calculation-1\" value=\"\" id=\"calculation-1-field_69dda271eb841\" class=\"forminator-calculation forminator-input\" data-formula=\"((10 * {number-1}) + (6.25 * {number-2}) - (5 * {number-3}) + {select-1}) * {select-2} * {select-3}\" data-required=\"\" data-decimal-point=\".\" data-precision=\"2\" data-is-hidden=\"\" disabled=\"disabled\" data-decimals=\"2\" data-inputmask=\"&#039;groupSeparator&#039;: &#039;&#039;, &#039;radixPoint&#039;: &#039;.&#039;, &#039;digits&#039;: &#039;2&#039;\" readonly=\"readonly\" data-hidden-behavior=\"zero\" \/><\/div><\/div><\/div><input type=\"hidden\" name=\"referer_url\" value=\"\" \/><div class=\"forminator-row forminator-row-last\"><div class=\"forminator-col\"><div class=\"forminator-field\"><button class=\"forminator-button forminator-button-submit\"><span>Registrovat<\/span><span aria-hidden=\"true\"><\/span><\/button><\/div><\/div><\/div><input type=\"hidden\" id=\"forminator_nonce\" name=\"forminator_nonce\" value=\"cdbbfcd541\" \/><input type=\"hidden\" name=\"_wp_http_referer\" value=\"\/index.php?rest_route=%2Fwp%2Fv2%2Fpages%2F24\" \/><input type=\"hidden\" name=\"form_id\" value=\"39\"><input type=\"hidden\" name=\"page_id\" value=\"24\"><input type=\"hidden\" name=\"form_type\" value=\"registration\"><input type=\"hidden\" name=\"current_url\" value=\"https:\/\/www.realmealdeal.fun\/?page_id=24\"><input type=\"hidden\" name=\"render_id\" value=\"0\"><input type=\"hidden\" name=\"action\" value=\"forminator_submit_form_custom-forms\"><\/form>\t\t\t\t\t\t\t\t<\/div>\n\t\t\t\t<\/div>\n\t\t<div class=\"elementor-element elementor-element-c4c10fc e-con-full e-flex e-con e-child\" data-id=\"c4c10fc\" data-element_type=\"container\" data-e-type=\"container\">\n\t\t\t\t\t\t\t<h2 \n\t\tdata-interaction-id=\"c630e31\" \n\t\tclass=\"e-c630e31-6dba433 e-heading-base\" \n\t\t \n\t\t\n\t>\n\t\n\t\t\tUNLOCK YOUR POTENTIAL.\n\t\t<\/h2>\n\t\t\t\t\t\t\t\n\t\t<img class=\"e-image-base e-68fc886-90a35aa\" \n\t\t\t\t\tdata-interaction-id=\"68fc886\" \n\t\t \n\t\t \n\t\t\t\t\t\t\t\t\tid=\"58\"\n\t\t\t\t\t\t\t\t\t\t\t\tsrc=\"https:\/\/www.realmealdeal.fun\/wp-content\/uploads\/2026\/04\/ritae-rice-2103481-scaled.jpg\"\n\t\t\t\t\t\t\t\t\t\t\t\twidth=\"2560\"\n\t\t\t\t\t\t\t\t\t\t\t\theight=\"1707\"\n\t\t\t\t\t\t\t\t\t\t\t\tsrcset=\"https:\/\/www.realmealdeal.fun\/wp-content\/uploads\/2026\/04\/ritae-rice-2103481-scaled.jpg 2560w, https:\/\/www.realmealdeal.fun\/wp-content\/uploads\/2026\/04\/ritae-rice-2103481-300x200.jpg 300w, https:\/\/www.realmealdeal.fun\/wp-content\/uploads\/2026\/04\/ritae-rice-2103481-1024x683.jpg 1024w, https:\/\/www.realmealdeal.fun\/wp-content\/uploads\/2026\/04\/ritae-rice-2103481-768x512.jpg 768w, https:\/\/www.realmealdeal.fun\/wp-content\/uploads\/2026\/04\/ritae-rice-2103481-1536x1024.jpg 1536w, https:\/\/www.realmealdeal.fun\/wp-content\/uploads\/2026\/04\/ritae-rice-2103481-2048x1365.jpg 2048w\"\n\t\t\t\t\t\t\t\t\t\t\t\talt=\"\"\n\t\t\t\t\t\t\/>\n\t\t\t\t\t<\/div>\n\t\t\t\t\t<\/div>\n\t\t\t\t<\/div>\n\t\t\t\t<\/div>\n\t\t","protected":false},"excerpt":{"rendered":"<p>UNLOCK YOUR POTENTIAL.<\/p>\n","protected":false},"author":1,"featured_media":0,"parent":0,"menu_order":0,"comment_status":"closed","ping_status":"closed","template":"","meta":{"footnotes":""},"class_list":["post-24","page","type-page","status-publish","hentry"],"_links":{"self":[{"href":"https:\/\/www.realmealdeal.fun\/index.php?rest_route=\/wp\/v2\/pages\/24","targetHints":{"allow":["GET"]}}],"collection":[{"href":"https:\/\/www.realmealdeal.fun\/index.php?rest_route=\/wp\/v2\/pages"}],"about":[{"href":"https:\/\/www.realmealdeal.fun\/index.php?rest_route=\/wp\/v2\/types\/page"}],"author":[{"embeddable":true,"href":"https:\/\/www.realmealdeal.fun\/index.php?rest_route=\/wp\/v2\/users\/1"}],"replies":[{"embeddable":true,"href":"https:\/\/www.realmealdeal.fun\/index.php?rest_route=%2Fwp%2Fv2%2Fcomments&post=24"}],"version-history":[{"count":42,"href":"https:\/\/www.realmealdeal.fun\/index.php?rest_route=\/wp\/v2\/pages\/24\/revisions"}],"predecessor-version":[{"id":132,"href":"https:\/\/www.realmealdeal.fun\/index.php?rest_route=\/wp\/v2\/pages\/24\/revisions\/132"}],"wp:attachment":[{"href":"https:\/\/www.realmealdeal.fun\/index.php?rest_route=%2Fwp%2Fv2%2Fmedia&parent=24"}],"curies":[{"name":"wp","href":"https:\/\/api.w.org\/{rel}","templated":true}]}}